{"id":7732,"date":"2024-03-28T08:39:11","date_gmt":"2024-03-28T08:39:11","guid":{"rendered":"https:\/\/domzis.net\/?page_id=7732"},"modified":"2024-03-28T10:32:32","modified_gmt":"2024-03-28T10:32:32","slug":"cookie-policy","status":"publish","type":"page","link":"https:\/\/domzis.net\/sr\/cookie-policy\/","title":{"rendered":"Politika kola\u010dic\u0301a"},"content":{"rendered":"<div data-elementor-type=\"wp-page\" data-elementor-id=\"7732\" class=\"elementor elementor-7732\" data-elementor-post-type=\"page\">\n\t\t\t\t<div class=\"elementor-element elementor-element-26b8396 e-flex e-con-boxed e-con e-parent\" data-id=\"26b8396\" data-element_type=\"container\" data-e-type=\"container\">\n\t\t\t\t\t<div class=\"e-con-inner\">\n\t\t\t\t<div class=\"elementor-element elementor-element-a32c78b elementor-widget elementor-widget-spacer\" data-id=\"a32c78b\" data-element_type=\"widget\" data-e-type=\"widget\" data-widget_type=\"spacer.default\">\n\t\t\t\t<div class=\"elementor-widget-container\">\n\t\t\t\t\t\t\t<div class=\"elementor-spacer\">\n\t\t\t<div class=\"elementor-spacer-inner\"><\/div>\n\t\t<\/div>\n\t\t\t\t\t\t<\/div>\n\t\t\t\t<\/div>\n\t\t\t\t<div class=\"elementor-element elementor-element-b059b18 elementor-widget elementor-widget-text-editor\" data-id=\"b059b18\" data-element_type=\"widget\" data-e-type=\"widget\" data-widget_type=\"text-editor.default\">\n\t\t\t\t<div class=\"elementor-widget-container\">\n\t\t\t\t\t\t\t\t\t<p><\/p>\n<p>Kao \u0161to je uobi\u010dajena praksa sa skoro svim profesionalnim veb lokacijama, Domzis.net koristi kola\u010dic\u0301e, koje su male datoteke koje se preuzimaju na va\u0161 ra\u010dunar, kako bi pobolj\u0161ao va\u0161e iskustvo. Ova stranica opisuje koje informacije prikupljaju, kako ih koristimo i za\u0161to ponekad moramo da \u010duvamo ove kola\u010dic\u0301e. Tako\u0111e c\u0301emo podeliti kako mo\u017eete da spre\u010dite da se ovi kola\u010dic\u0301i \u010duvaju, ali to mo\u017ee smanjiti ili \u201epokvariti\u201c odre\u0111ene elemente funkcionalnosti sajta.<\/p>\n<p><\/p>\t\t\t\t\t\t\t\t<\/div>\n\t\t\t\t<\/div>\n\t\t\t\t\t<\/div>\n\t\t\t\t<\/div>\n\t\t<div class=\"elementor-element elementor-element-1db349b e-flex e-con-boxed e-con e-parent\" data-id=\"1db349b\" data-element_type=\"container\" data-e-type=\"container\">\n\t\t\t\t\t<div class=\"e-con-inner\">\n\t\t\t\t<div class=\"elementor-element elementor-element-efafa19 elementor-widget elementor-widget-heading\" data-id=\"efafa19\" data-element_type=\"widget\" data-e-type=\"widget\" data-widget_type=\"heading.default\">\n\t\t\t\t<div class=\"elementor-widget-container\">\n\t\t\t\t\t<h4 class=\"elementor-heading-title elementor-size-default\">Kako koristimo kola\u010dic\u0301e<\/h4>\t\t\t\t<\/div>\n\t\t\t\t<\/div>\n\t\t\t\t<div class=\"elementor-element elementor-element-b11aaa8 elementor-widget elementor-widget-text-editor\" data-id=\"b11aaa8\" data-element_type=\"widget\" data-e-type=\"widget\" data-widget_type=\"text-editor.default\">\n\t\t\t\t<div class=\"elementor-widget-container\">\n\t\t\t\t\t\t\t\t\t<p>Koristimo kola\u010dic\u0301e iz razli\u010ditih razloga koji su detaljno opisani u nastavku. Na\u017ealost, u vec\u0301ini slu\u010dajeva ne postoje standardne opcije za onemoguc\u0301avanje kola\u010dic\u0301a bez potpunog onemoguc\u0301avanja funkcionalnosti i funkcija koje dodaju ovoj veb lokaciji. Preporu\u010duje se da ostavite sve kola\u010dic\u0301e ako niste sigurni da li su vam potrebni ili ne u slu\u010daju da se koriste za pru\u017eanje usluge koju koristite.<\/p>\t\t\t\t\t\t\t\t<\/div>\n\t\t\t\t<\/div>\n\t\t\t\t\t<\/div>\n\t\t\t\t<\/div>\n\t\t<div class=\"elementor-element elementor-element-5a05f4d e-flex e-con-boxed e-con e-parent\" data-id=\"5a05f4d\" data-element_type=\"container\" data-e-type=\"container\">\n\t\t\t\t\t<div class=\"e-con-inner\">\n\t\t\t\t<div class=\"elementor-element elementor-element-427ea10 elementor-widget elementor-widget-heading\" data-id=\"427ea10\" data-element_type=\"widget\" data-e-type=\"widget\" data-widget_type=\"heading.default\">\n\t\t\t\t<div class=\"elementor-widget-container\">\n\t\t\t\t\t<h4 class=\"elementor-heading-title elementor-size-default\">Onemoguc\u0301avanje kola\u010dic\u0301a<\/h4>\t\t\t\t<\/div>\n\t\t\t\t<\/div>\n\t\t\t\t<div class=\"elementor-element elementor-element-c16e97b elementor-widget elementor-widget-text-editor\" data-id=\"c16e97b\" data-element_type=\"widget\" data-e-type=\"widget\" data-widget_type=\"text-editor.default\">\n\t\t\t\t<div class=\"elementor-widget-container\">\n\t\t\t\t\t\t\t\t\t<p>Mo\u017eete spre\u010diti pode\u0161avanje kola\u010dic\u0301a tako \u0161to c\u0301ete prilagoditi pode\u0161avanja u va\u0161em pretra\u017eiva\u010du (pogledajte Pomoc\u0301 va\u0161eg pretra\u017eiva\u010da kako biste to uradili). Imajte na umu da c\u0301e onemoguc\u0301avanje kola\u010dic\u0301a uticati na funkcionalnost ove i mnogih drugih veb lokacija koje posec\u0301ujete. Onemoguc\u0301avanje kola\u010dic\u0301a obi\u010dno c\u0301e tako\u0111e dovesti do onemoguc\u0301avanja odre\u0111enih funkcionalnosti i karakteristika ovog sajta. Zbog toga se preporu\u010duje da ne onemoguc\u0301ite kola\u010dic\u0301e.<\/p>\t\t\t\t\t\t\t\t<\/div>\n\t\t\t\t<\/div>\n\t\t\t\t\t<\/div>\n\t\t\t\t<\/div>\n\t\t<div class=\"elementor-element elementor-element-17ce803 e-flex e-con-boxed e-con e-parent\" data-id=\"17ce803\" data-element_type=\"container\" data-e-type=\"container\">\n\t\t\t\t\t<div class=\"e-con-inner\">\n\t\t\t\t<div class=\"elementor-element elementor-element-42aead3 elementor-widget elementor-widget-heading\" data-id=\"42aead3\" data-element_type=\"widget\" data-e-type=\"widget\" data-widget_type=\"heading.default\">\n\t\t\t\t<div class=\"elementor-widget-container\">\n\t\t\t\t\t<h4 class=\"elementor-heading-title elementor-size-default\">Kola\u010dic\u0301i koje postavljamo<\/h4>\t\t\t\t<\/div>\n\t\t\t\t<\/div>\n\t\t\t\t<div class=\"elementor-element elementor-element-7bfbb37 elementor-widget elementor-widget-heading\" data-id=\"7bfbb37\" data-element_type=\"widget\" data-e-type=\"widget\" data-widget_type=\"heading.default\">\n\t\t\t\t<div class=\"elementor-widget-container\">\n\t\t\t\t\t<h6 class=\"elementor-heading-title elementor-size-default\">Kola\u010dic\u0301i u vezi sa nalogom<\/h6>\t\t\t\t<\/div>\n\t\t\t\t<\/div>\n\t\t\t\t<div class=\"elementor-element elementor-element-43e06a2 elementor-widget elementor-widget-text-editor\" data-id=\"43e06a2\" data-element_type=\"widget\" data-e-type=\"widget\" data-widget_type=\"text-editor.default\">\n\t\t\t\t<div class=\"elementor-widget-container\">\n\t\t\t\t\t\t\t\t\t<p>Ako kreirate nalog kod nas, mi c\u0301emo koristiti kola\u010dic\u0301e za upravljanje procesom registracije i op\u0161tom administracijom. Ovi kola\u010dic\u0301i c\u0301e obi\u010dno biti izbrisani kada se odjavite, ali u nekim slu\u010dajevima mogu ostati i nakon toga da bi zapamtili va\u0161e postavke sajta kada se odjavite.<\/p>\t\t\t\t\t\t\t\t<\/div>\n\t\t\t\t<\/div>\n\t\t\t\t<div class=\"elementor-element elementor-element-adf0680 elementor-widget elementor-widget-heading\" data-id=\"adf0680\" data-element_type=\"widget\" data-e-type=\"widget\" data-widget_type=\"heading.default\">\n\t\t\t\t<div class=\"elementor-widget-container\">\n\t\t\t\t\t<h6 class=\"elementor-heading-title elementor-size-default\">Kola\u010dic\u0301i povezani sa prijavom<\/h6>\t\t\t\t<\/div>\n\t\t\t\t<\/div>\n\t\t\t\t<div class=\"elementor-element elementor-element-1f544fe elementor-widget elementor-widget-text-editor\" data-id=\"1f544fe\" data-element_type=\"widget\" data-e-type=\"widget\" data-widget_type=\"text-editor.default\">\n\t\t\t\t<div class=\"elementor-widget-container\">\n\t\t\t\t\t\t\t\t\t<p>Koristimo kola\u010dic\u0301e kada ste prijavljeni da bismo mogli da zapamtimo ovu \u010dinjenicu. Ovo vas spre\u010dava da se prijavljujete svaki put kada posetite novu stranicu. Ovi kola\u010dic\u0301i se obi\u010dno uklanjaju ili bri\u0161u kada se odjavite kako biste bili sigurni da mo\u017eete pristupiti ograni\u010denim funkcijama i oblastima samo kada ste prijavljeni.<\/p>\t\t\t\t\t\t\t\t<\/div>\n\t\t\t\t<\/div>\n\t\t\t\t\t<\/div>\n\t\t\t\t<\/div>\n\t\t<div class=\"elementor-element elementor-element-48acc7f e-flex e-con-boxed e-con e-parent\" data-id=\"48acc7f\" data-element_type=\"container\" data-e-type=\"container\">\n\t\t\t\t\t<div class=\"e-con-inner\">\n\t\t\t\t<div class=\"elementor-element elementor-element-0985627 elementor-widget elementor-widget-heading\" data-id=\"0985627\" data-element_type=\"widget\" data-e-type=\"widget\" data-widget_type=\"heading.default\">\n\t\t\t\t<div class=\"elementor-widget-container\">\n\t\t\t\t\t<h4 class=\"elementor-heading-title elementor-size-default\">Vi\u0161e informacija\n<\/h4>\t\t\t\t<\/div>\n\t\t\t\t<\/div>\n\t\t\t\t<div class=\"elementor-element elementor-element-ecfa935 elementor-widget elementor-widget-text-editor\" data-id=\"ecfa935\" data-element_type=\"widget\" data-e-type=\"widget\" data-widget_type=\"text-editor.default\">\n\t\t\t\t<div class=\"elementor-widget-container\">\n\t\t\t\t\t\t\t\t\t<p>Nadamo se da vam je to razjasnilo stvari i kao \u0161to je ranije pomenuto, ako postoji ne\u0161to \u0161to niste sigurni da li vam je potrebno ili ne, obi\u010dno je sigurnije ostaviti kola\u010dic\u0301e omoguc\u0301ene u slu\u010daju da do\u0111e u interakciju sa nekom od funkcija koje koristite na na\u0161em sajtu .<\/p>\n<p>Za vi\u0161e op\u0161tih informacija o kola\u010dic\u0301ima, pro\u010ditajte \u201e<a href=\"https:\/\/www.whatarecookies.com\/\" target=\"_blank\" rel=\"noopener\">What Are Cookies<\/a>&#8220;.<\/p>\n<p>Ako vam je potrebno vi\u0161e informacija ili imate bilo kakva pitanja o na\u0161oj politici kola\u010dic\u0301a, slobodno nas <a href=\"https:\/\/domzis.net\/sr\/contact-us\/\">kontaktirajte<\/a>.<\/p>\t\t\t\t\t\t\t\t<\/div>\n\t\t\t\t<\/div>\n\t\t\t\t<div class=\"elementor-element elementor-element-570c8b6 elementor-widget elementor-widget-spacer\" data-id=\"570c8b6\" data-element_type=\"widget\" data-e-type=\"widget\" data-widget_type=\"spacer.default\">\n\t\t\t\t<div class=\"elementor-widget-container\">\n\t\t\t\t\t\t\t<div class=\"elementor-spacer\">\n\t\t\t<div class=\"elementor-spacer-inner\"><\/div>\n\t\t<\/div>\n\t\t\t\t\t\t<\/div>\n\t\t\t\t<\/div>\n\t\t\t\t\t<\/div>\n\t\t\t\t<\/div>\n\t\t\t\t<\/div>","protected":false},"excerpt":{"rendered":"<p>As is common practice with almost all professional websites, Domzis.net uses cookies, which are tiny files that are downloaded to your computer, to improve your experience. This page describes what information they gather, how we use it and why we sometimes need to store these cookies. We will also share how you can prevent these [&hellip;]<\/p>","protected":false},"author":1,"featured_media":0,"parent":0,"menu_order":0,"comment_status":"closed","ping_status":"closed","template":"template-boxed.php","meta":{"content-type":"","footnotes":""},"class_list":["post-7732","page","type-page","status-publish","hentry"],"_links":{"self":[{"href":"https:\/\/domzis.net\/sr\/wp-json\/wp\/v2\/pages\/7732","targetHints":{"allow":["GET"]}}],"collection":[{"href":"https:\/\/domzis.net\/sr\/wp-json\/wp\/v2\/pages"}],"about":[{"href":"https:\/\/domzis.net\/sr\/wp-json\/wp\/v2\/types\/page"}],"author":[{"embeddable":true,"href":"https:\/\/domzis.net\/sr\/wp-json\/wp\/v2\/users\/1"}],"replies":[{"embeddable":true,"href":"https:\/\/domzis.net\/sr\/wp-json\/wp\/v2\/comments?post=7732"}],"version-history":[{"count":13,"href":"https:\/\/domzis.net\/sr\/wp-json\/wp\/v2\/pages\/7732\/revisions"}],"predecessor-version":[{"id":7758,"href":"https:\/\/domzis.net\/sr\/wp-json\/wp\/v2\/pages\/7732\/revisions\/7758"}],"wp:attachment":[{"href":"https:\/\/domzis.net\/sr\/wp-json\/wp\/v2\/media?parent=7732"}],"curies":[{"name":"wp","href":"https:\/\/api.w.org\/{rel}","templated":true}]}}