{"id":6449,"date":"2021-10-05T13:05:24","date_gmt":"2021-10-05T13:05:24","guid":{"rendered":"https:\/\/themepanthers.com\/wp\/creote\/v-new\/?page_id=15"},"modified":"2024-03-12T07:22:39","modified_gmt":"2024-03-12T07:22:39","slug":"service-default","status":"publish","type":"page","link":"https:\/\/domzis.net\/sr\/service-default\/","title":{"rendered":"Service Default"},"content":{"rendered":"<div data-elementor-type=\"wp-page\" data-elementor-id=\"6449\" class=\"elementor elementor-6449\" data-elementor-post-type=\"page\">\n\t\t\t\t\t\t<section class=\"elementor-section elementor-top-section elementor-element elementor-element-842058d elementor-section-boxed elementor-section-height-default elementor-section-height-default\" data-id=\"842058d\" data-element_type=\"section\" data-e-type=\"section\">\n\t\t\t\t\t\t<div class=\"elementor-container elementor-column-gap-default\">\n\t\t\t\t\t<div class=\"elementor-column elementor-col-100 elementor-top-column elementor-element elementor-element-8e34059\" data-id=\"8e34059\" data-element_type=\"column\" data-e-type=\"column\">\n\t\t\t<div class=\"elementor-widget-wrap elementor-element-populated\">\n\t\t\t\t\t\t<div class=\"elementor-element elementor-element-8e0cfcf elementor-widget elementor-widget-creote-service-post-v1\" data-id=\"8e0cfcf\" data-element_type=\"widget\" data-e-type=\"widget\" data-widget_type=\"creote-service-post-v1.default\">\n\t\t\t\t<div class=\"elementor-widget-container\">\n\t\t\t\t\t<section class=\"service_section grid_all three_column  news_wrapper_griddark_color\"> <div class=\"grid_show_case grid_layout clearfix\">\r\n                                           <div class=\"grid_box _card\">\r\n                                       <div class=\"service_post style_one\"  data-aos=\"fade-up\" data-aos-delay=\"\" data-aos-offset=\"0\" >\r\n                                                                                    <div class=\"image position-relative\"> \r\n                                            <div class=\"overlay\"><\/div> \r\n                                            <img decoding=\"async\" width=\"10\" height=\"10\" src=\"https:\/\/domzis.net\/wp-content\/uploads\/2024\/05\/dummy.png\" class=\"attachment-creote-service-grid-470-280 size-creote-service-grid-470-280 wp-post-image\" alt=\"\" \/>                                            <a href=\"https:\/\/domzis.net\/sr\/service\/100-web-based\/\" rel=\"bookmark\" class=\"ablink\"><\/a>\r\n                                           <\/div> \r\n                                            \r\n                                           <div class=\"service_content icon_yes\"> \r\n                                                                                           <div class=\"icon_box\">\r\n                                                 <span class=\"icon icon-thumbs-up icon\"><\/span>\r\n                                              <\/div>\r\n                                             \r\n                                              <h2 class=\"title_service\">\r\n                                              <a href=\"https:\/\/domzis.net\/sr\/service\/100-web-based\/\" rel=\"bookmark\">100% Zasnovan Na Webu<\/a><\/h2>  <p class=\"short_desc\">No programs to install, no special broadcast hardware required, and no IT&hellip;<\/p>  <a class=\"read_more\" href=\"https:\/\/domzis.net\/sr\/service\/100-web-based\/\"> Read More<i class=\"icon-right-arrow-long\"><\/i><\/a> <\/div> <\/div> <\/div>                                          <div class=\"grid_box _card\">\r\n                                       <div class=\"service_post style_one\"  data-aos=\"fade-up\" data-aos-delay=\"\" data-aos-offset=\"0\" >\r\n                                                                                    <div class=\"image position-relative\"> \r\n                                            <div class=\"overlay\"><\/div> \r\n                                            <img decoding=\"async\" width=\"10\" height=\"10\" src=\"https:\/\/domzis.net\/wp-content\/uploads\/2024\/05\/dummy.png\" class=\"attachment-creote-service-grid-470-280 size-creote-service-grid-470-280 wp-post-image\" alt=\"\" \/>                                            <a href=\"https:\/\/domzis.net\/sr\/service\/totally-sponsor-friendly\/\" rel=\"bookmark\" class=\"ablink\"><\/a>\r\n                                           <\/div> \r\n                                            \r\n                                           <div class=\"service_content icon_yes\"> \r\n                                                                                           <div class=\"icon_box\">\r\n                                                 <span class=\"icon icon-thumbs-up icon\"><\/span>\r\n                                              <\/div>\r\n                                             \r\n                                              <h2 class=\"title_service\">\r\n                                              <a href=\"https:\/\/domzis.net\/sr\/service\/totally-sponsor-friendly\/\" rel=\"bookmark\">Potpuno Prilago\u0111en Sponzorima<\/a><\/h2>  <p class=\"short_desc\">Olak\u0161avamo vam prodaju sponzorskih paketa.<\/p>  <a class=\"read_more\" href=\"https:\/\/domzis.net\/sr\/service\/totally-sponsor-friendly\/\"> Read More<i class=\"icon-right-arrow-long\"><\/i><\/a> <\/div> <\/div> <\/div>                                          <div class=\"grid_box _card\">\r\n                                       <div class=\"service_post style_one\"  data-aos=\"fade-up\" data-aos-delay=\"\" data-aos-offset=\"0\" >\r\n                                                                                    <div class=\"image position-relative\"> \r\n                                            <div class=\"overlay\"><\/div> \r\n                                            <img decoding=\"async\" width=\"10\" height=\"10\" src=\"https:\/\/domzis.net\/wp-content\/uploads\/2024\/05\/dummy.png\" class=\"attachment-creote-service-grid-470-280 size-creote-service-grid-470-280 wp-post-image\" alt=\"\" \/>                                            <a href=\"https:\/\/domzis.net\/sr\/service\/question-of-the-day\/\" rel=\"bookmark\" class=\"ablink\"><\/a>\r\n                                           <\/div> \r\n                                            \r\n                                           <div class=\"service_content icon_yes\"> \r\n                                                                                           <div class=\"icon_box\">\r\n                                                 <span class=\"icon icon-thumbs-up icon\"><\/span>\r\n                                              <\/div>\r\n                                             \r\n                                              <h2 class=\"title_service\">\r\n                                              <a href=\"https:\/\/domzis.net\/sr\/service\/question-of-the-day\/\" rel=\"bookmark\">Pitanje Dana<\/a><\/h2>  <p class=\"short_desc\">Pretvorite svoje dnevne ankete u sponzorisane generatore prihoda za Pitanje dana.<\/p>  <a class=\"read_more\" href=\"https:\/\/domzis.net\/sr\/service\/question-of-the-day\/\"> Read More<i class=\"icon-right-arrow-long\"><\/i><\/a> <\/div> <\/div> <\/div>                                          <div class=\"grid_box _card\">\r\n                                       <div class=\"service_post style_one\"  data-aos=\"fade-up\" data-aos-delay=\"\" data-aos-offset=\"0\" >\r\n                                                                                    <div class=\"image position-relative\"> \r\n                                            <div class=\"overlay\"><\/div> \r\n                                            <img decoding=\"async\" width=\"10\" height=\"10\" src=\"https:\/\/domzis.net\/wp-content\/uploads\/2024\/05\/dummy.png\" class=\"attachment-creote-service-grid-470-280 size-creote-service-grid-470-280 wp-post-image\" alt=\"\" \/>                                            <a href=\"https:\/\/domzis.net\/sr\/service\/interactive\/\" rel=\"bookmark\" class=\"ablink\"><\/a>\r\n                                           <\/div> \r\n                                            \r\n                                           <div class=\"service_content icon_yes\"> \r\n                                                                                           <div class=\"icon_box\">\r\n                                                 <span class=\"icon icon-thumbs-up icon\"><\/span>\r\n                                              <\/div>\r\n                                             \r\n                                              <h2 class=\"title_service\">\r\n                                              <a href=\"https:\/\/domzis.net\/sr\/service\/interactive\/\" rel=\"bookmark\">Interaktivan<\/a><\/h2>  <p class=\"short_desc\">\u017delite VI\u0160E naplatiti svoje reklamne spotove? Pretvorite ih u interaktivne.<\/p>  <a class=\"read_more\" href=\"https:\/\/domzis.net\/sr\/service\/interactive\/\"> Read More<i class=\"icon-right-arrow-long\"><\/i><\/a> <\/div> <\/div> <\/div>                                          <div class=\"grid_box _card\">\r\n                                       <div class=\"service_post style_one\"  data-aos=\"fade-up\" data-aos-delay=\"\" data-aos-offset=\"0\" >\r\n                                                                                    <div class=\"image position-relative\"> \r\n                                            <div class=\"overlay\"><\/div> \r\n                                            <img decoding=\"async\" width=\"10\" height=\"10\" src=\"https:\/\/domzis.net\/wp-content\/uploads\/2024\/05\/dummy.png\" class=\"attachment-creote-service-grid-470-280 size-creote-service-grid-470-280 wp-post-image\" alt=\"\" \/>                                            <a href=\"https:\/\/domzis.net\/sr\/service\/contests-and-giveaways\/\" rel=\"bookmark\" class=\"ablink\"><\/a>\r\n                                           <\/div> \r\n                                            \r\n                                           <div class=\"service_content icon_yes\"> \r\n                                                                                           <div class=\"icon_box\">\r\n                                                 <span class=\"icon icon-thumbs-up icon\"><\/span>\r\n                                              <\/div>\r\n                                             \r\n                                              <h2 class=\"title_service\">\r\n                                              <a href=\"https:\/\/domzis.net\/sr\/service\/contests-and-giveaways\/\" rel=\"bookmark\">Takmi\u010denja i Nagra\u0111ivanje<\/a><\/h2>  <p class=\"short_desc\">Brendovi vole sadr\u017eaj za dobro raspolo\u017eenje s kojim mogu povezati svoj imid\u017e.<\/p>  <a class=\"read_more\" href=\"https:\/\/domzis.net\/sr\/service\/contests-and-giveaways\/\"> Read More<i class=\"icon-right-arrow-long\"><\/i><\/a> <\/div> <\/div> <\/div>                                          <div class=\"grid_box _card\">\r\n                                       <div class=\"service_post style_one\"  data-aos=\"fade-up\" data-aos-delay=\"\" data-aos-offset=\"0\" >\r\n                                                                                    <div class=\"image position-relative\"> \r\n                                            <div class=\"overlay\"><\/div> \r\n                                            <img decoding=\"async\" src=\"https:\/\/domzis.net\/wp-content\/uploads\/2022\/10\/service-image-1.png\" class=\"attachment-creote-service-grid-470-280 size-creote-service-grid-470-280 wp-post-image\" alt=\"\" \/>                                            <a href=\"https:\/\/domzis.net\/sr\/service\/trivia-and-quizzes\/\" rel=\"bookmark\" class=\"ablink\"><\/a>\r\n                                           <\/div> \r\n                                            \r\n                                           <div class=\"service_content icon_yes\"> \r\n                                                                                           <div class=\"icon_box\">\r\n                                                 <span class=\"icon icon-thumbs-up icon\"><\/span>\r\n                                              <\/div>\r\n                                             \r\n                                              <h2 class=\"title_service\">\r\n                                              <a href=\"https:\/\/domzis.net\/sr\/service\/trivia-and-quizzes\/\" rel=\"bookmark\">Trivia And Quizzes<\/a><\/h2>  <p class=\"short_desc\">Turn any live broadcast into a game that audiences can play from&hellip;<\/p>  <a class=\"read_more\" href=\"https:\/\/domzis.net\/sr\/service\/trivia-and-quizzes\/\"> Read More<i class=\"icon-right-arrow-long\"><\/i><\/a> <\/div> <\/div> <\/div>    <\/div>  \r\n<\/section>\r\n\t\t\t\t<\/div>\n\t\t\t\t<\/div>\n\t\t\t\t\t<\/div>\n\t\t<\/div>\n\t\t\t\t\t<\/div>\n\t\t<\/section>\n\t\t\t\t<\/div>","protected":false},"excerpt":{"rendered":"<p>Talent Management Once your company has hired the best employees, the next step is&hellip; Read More Health Care Benefits Workplace conflict can become a costly and time-consuming process if it isn&#039;t&hellip; Read More Risk Management Mitigate workplace issues before they escalate. Shared Time Human Resources Management, Inc.&hellip; Read More Compliance Audits Prevents our being able [&hellip;]<\/p>","protected":false},"author":1,"featured_media":0,"parent":0,"menu_order":0,"comment_status":"closed","ping_status":"closed","template":"template-fullwidth.php","meta":{"content-type":"","footnotes":""},"class_list":["post-6449","page","type-page","status-publish","hentry"],"_links":{"self":[{"href":"https:\/\/domzis.net\/sr\/wp-json\/wp\/v2\/pages\/6449","targetHints":{"allow":["GET"]}}],"collection":[{"href":"https:\/\/domzis.net\/sr\/wp-json\/wp\/v2\/pages"}],"about":[{"href":"https:\/\/domzis.net\/sr\/wp-json\/wp\/v2\/types\/page"}],"author":[{"embeddable":true,"href":"https:\/\/domzis.net\/sr\/wp-json\/wp\/v2\/users\/1"}],"replies":[{"embeddable":true,"href":"https:\/\/domzis.net\/sr\/wp-json\/wp\/v2\/comments?post=6449"}],"version-history":[{"count":1,"href":"https:\/\/domzis.net\/sr\/wp-json\/wp\/v2\/pages\/6449\/revisions"}],"predecessor-version":[{"id":6500,"href":"https:\/\/domzis.net\/sr\/wp-json\/wp\/v2\/pages\/6449\/revisions\/6500"}],"wp:attachment":[{"href":"https:\/\/domzis.net\/sr\/wp-json\/wp\/v2\/media?parent=6449"}],"curies":[{"name":"wp","href":"https:\/\/api.w.org\/{rel}","templated":true}]}}