{"id":4182,"date":"2022-10-17T19:47:36","date_gmt":"2022-10-17T19:47:36","guid":{"rendered":"https:\/\/themepanthers.com\/wp\/creote\/v2-new\/?page_id=4182"},"modified":"2022-10-17T19:47:36","modified_gmt":"2022-10-17T19:47:36","slug":"contact-us-02","status":"publish","type":"page","link":"https:\/\/domzis.net\/sr\/contact-us-02\/","title":{"rendered":"Contact Us 02"},"content":{"rendered":"<div data-elementor-type=\"wp-page\" data-elementor-id=\"4182\" class=\"elementor elementor-4182\" data-elementor-post-type=\"page\">\n\t\t\t\t\t\t<section class=\"elementor-section elementor-top-section elementor-element elementor-element-c433d3a elementor-section-boxed elementor-section-height-default elementor-section-height-default\" data-id=\"c433d3a\" data-element_type=\"section\" data-e-type=\"section\" data-settings=\"{&quot;background_background&quot;:&quot;classic&quot;}\">\n\t\t\t\t\t\t<div class=\"elementor-container elementor-column-gap-default\">\n\t\t\t\t\t<div class=\"elementor-column elementor-col-100 elementor-top-column elementor-element elementor-element-4b9c64a\" data-id=\"4b9c64a\" data-element_type=\"column\" data-e-type=\"column\">\n\t\t\t<div class=\"elementor-widget-wrap elementor-element-populated\">\n\t\t\t\t\t\t<div class=\"elementor-element elementor-element-6d58e9c elementor-widget elementor-widget-creote-heading-v2\" data-id=\"6d58e9c\" data-element_type=\"widget\" data-e-type=\"widget\" data-widget_type=\"creote-heading-v2.default\">\n\t\t\t\t<div class=\"elementor-widget-container\">\n\t\t\t\t\t<div class=\"heading type_one text_center\">  <div class=\"small_text\">   <span class=\"icon-briefcase icon\"><\/span>    SAMO NAS KONTAKTIRAJTE\n\n <\/div>    <div class=\"heading_text\"> Voleli Bismo Da Vam Pomognemo<\/div>     <p class=\"description_text\">Slobodno nas kontaktirajte koristec\u0301i formu ispod. Voleli bismo <br>  da \u010dujemo va\u0161e mi\u0161ljenje i odgovorimo na sva pitanja koja imate!<\/p> <\/div>\r\n\t\t\t\t<\/div>\n\t\t\t\t<\/div>\n\t\t\t\t<div class=\"elementor-element elementor-element-35bf862 elementor-widget elementor-widget-creote-contact-box-v1-new\" data-id=\"35bf862\" data-element_type=\"widget\" data-e-type=\"widget\" data-widget_type=\"creote-contact-box-v1-new.default\">\n\t\t\t\t<div class=\"elementor-widget-container\">\n\t\t\t\t\t \r\n       <section class=\"info_section type_two\">\r\n    <div class=\"info_inner\">\r\n        <div class=\"row\">\r\n                            <div class=\"col-xl-4 col-md-6 col-sm-6 col-xs-12 info-column\">\r\n                    <div class=\"info-box nonactive\">\r\n                        <div class=\"hidden-icon\"><i class=\"icon-map-pin\"><\/i><\/div>\r\n                        <div class=\"box\">\r\n                            <div class=\"icon_box\"><i class=\"icon-map-pin\"><\/i><\/div>\r\n                            <div class=\"heading-box\">\r\n                                <div class=\"ctitles\">Adresa<\/div>\r\n                                <span>Visit to explore the world<\/span>\r\n                            <\/div>\r\n                        <\/div>\r\n                        <div class=\"text\">\r\n                                                                                                <p>124, Queens walk 2nd cross newyork 5241.<\/p>\r\n                                                                                                                                            <\/div>\r\n                    <\/div>\r\n                <\/div>\r\n                            <div class=\"col-xl-4 col-md-6 col-sm-6 col-xs-12 info-column\">\r\n                    <div class=\"info-box active\">\r\n                        <div class=\"hidden-icon\"><i class=\"icon-mail\"><\/i><\/div>\r\n                        <div class=\"box\">\r\n                            <div class=\"icon_box\"><i class=\"icon-mail\"><\/i><\/div>\r\n                            <div class=\"heading-box\">\r\n                                <div class=\"ctitles\">Po\u0161alji email <\/div>\r\n                                <span>Ne oklevajte da po\u0161aljete email<\/span>\r\n                            <\/div>\r\n                        <\/div>\r\n                        <div class=\"text\">\r\n                                                                                                                            <p><a href=\"mailto:career@example.com\" target=\"_blank\">career@example.com<\/a><\/p>\r\n                                                                                                    <p><a href=\"mailto:support@creote.com\" target=\"_blank\">support@creote.com<\/a><\/p>\r\n                                                                                                                <\/div>\r\n                    <\/div>\r\n                <\/div>\r\n                            <div class=\"col-xl-4 col-md-6 col-sm-6 col-xs-12 info-column\">\r\n                    <div class=\"info-box nonactive\">\r\n                        <div class=\"hidden-icon\"><i class=\"icon-mail\"><\/i><\/div>\r\n                        <div class=\"box\">\r\n                            <div class=\"icon_box\"><i class=\"icon-mail\"><\/i><\/div>\r\n                            <div class=\"heading-box\">\r\n                                <div class=\"ctitles\">Pozovite<\/div>\r\n                                <span> Razgovarajte sa na\u0161im stru\u010dnjacima<\/span>\r\n                            <\/div>\r\n                        <\/div>\r\n                        <div class=\"text\">\r\n                                                                                                                                                        <p><a href=\"tel: 44 555 67 890\" target=\"_blank\">+44 555 67 890<\/a><\/p>\r\n                                                                                                    <p><a href=\"tel:( 555) 555-1234\" target=\"_blank\">(+555) 555-1234<\/a><\/p>\r\n                                                                                    <\/div>\r\n                    <\/div>\r\n                <\/div>\r\n                    <\/div>\r\n    <\/div>\r\n<\/section>\r\n\r\n    \t\t\t\t<\/div>\n\t\t\t\t<\/div>\n\t\t\t\t\t<\/div>\n\t\t<\/div>\n\t\t\t\t\t<\/div>\n\t\t<\/section>\n\t\t\t\t<section class=\"elementor-section elementor-top-section elementor-element elementor-element-387a686 elementor-section-full_width elementor-section-height-default elementor-section-height-default\" data-id=\"387a686\" data-element_type=\"section\" data-e-type=\"section\">\n\t\t\t\t\t\t<div class=\"elementor-container elementor-column-gap-no\">\n\t\t\t\t\t<div class=\"elementor-column elementor-col-100 elementor-top-column elementor-element elementor-element-ddfb98c\" data-id=\"ddfb98c\" data-element_type=\"column\" data-e-type=\"column\">\n\t\t\t<div class=\"elementor-widget-wrap elementor-element-populated\">\n\t\t\t\t\t\t<div class=\"elementor-element elementor-element-06a4adc elementor-widget elementor-widget-google_maps\" data-id=\"06a4adc\" data-element_type=\"widget\" data-e-type=\"widget\" data-widget_type=\"google_maps.default\">\n\t\t\t\t<div class=\"elementor-widget-container\">\n\t\t\t\t\t\t\t<div class=\"elementor-custom-embed\">\n\t\t\t<iframe loading=\"lazy\"\n\t\t\t\t\tsrc=\"https:\/\/maps.google.com\/maps?q=London%20Eye%2C%20London%2C%20United%20Kingdom&#038;t=m&#038;z=10&#038;output=embed&#038;iwloc=near\"\n\t\t\t\t\ttitle=\"London Eye, London, United Kingdom\"\n\t\t\t\t\taria-label=\"London Eye, London, United Kingdom\"\n\t\t\t><\/iframe>\n\t\t<\/div>\n\t\t\t\t\t\t<\/div>\n\t\t\t\t<\/div>\n\t\t\t\t\t<\/div>\n\t\t<\/div>\n\t\t\t\t\t<\/div>\n\t\t<\/section>\n\t\t\t\t<section class=\"elementor-section elementor-top-section elementor-element elementor-element-4b71095 elementor-section-boxed elementor-section-height-default elementor-section-height-default\" data-id=\"4b71095\" data-element_type=\"section\" data-e-type=\"section\">\n\t\t\t\t\t\t<div class=\"elementor-container elementor-column-gap-default\">\n\t\t\t\t\t<div class=\"elementor-column elementor-col-100 elementor-top-column elementor-element elementor-element-e5488c9\" data-id=\"e5488c9\" data-element_type=\"column\" data-e-type=\"column\">\n\t\t\t<div class=\"elementor-widget-wrap elementor-element-populated\">\n\t\t\t\t\t\t<div class=\"elementor-element elementor-element-7fb2e18 elementor-widget elementor-widget-creote-heading-v2\" data-id=\"7fb2e18\" data-element_type=\"widget\" data-e-type=\"widget\" data-widget_type=\"creote-heading-v2.default\">\n\t\t\t\t<div class=\"elementor-widget-container\">\n\t\t\t\t\t<div class=\"heading type_one text_center\">  <div class=\"small_text\">   <span class=\"icon-briefcase icon\"><\/span>   Napi\u0161ite poruku <\/div>    <div class=\"heading_text\"> Ne oklevajte da nam po\u0161aljete svoju poruku<\/div>    <\/div>\r\n\t\t\t\t<\/div>\n\t\t\t\t<\/div>\n\t\t\t\t<div class=\"elementor-element elementor-element-e5bb458 elementor-widget elementor-widget-creote-contact-form-v1\" data-id=\"e5bb458\" data-element_type=\"widget\" data-e-type=\"widget\" data-widget_type=\"creote-contact-form-v1.default\">\n\t\t\t\t<div class=\"elementor-widget-container\">\n\t\t\t\t\t<section class=\"contact_form_box_all type_three\"  data-aos=\"fade-up\" data-aos-offset=\"0\" data-aos-delay=\"0\" >  <div class=\"contact_form_box_inner simple_form\"> <div class=\"contact_form_shortcode\">  <p class=\"wpcf7-contact-form-not-found\"><strong>\u0413\u0440\u0435\u0448\u043a\u0430:<\/strong> \u041e\u0431\u0440\u0430\u0437\u0430\u0446 \u0437\u0430 \u043a\u043e\u043d\u0442\u0430\u043a\u0442 \u043d\u0438\u0458\u0435 \u043f\u0440\u043e\u043d\u0430\u0452\u0435\u043d\u0430.<\/p>  <\/div> <\/div> <\/section>\r\n\t\t\t\t<\/div>\n\t\t\t\t<\/div>\n\t\t\t\t\t<\/div>\n\t\t<\/div>\n\t\t\t\t\t<\/div>\n\t\t<\/section>\n\t\t\t\t<\/div>","protected":false},"excerpt":{"rendered":"<p>JUST CONTACT US We\u2019d Love To Help You Please feel free to get in touch using the form below. We&#8217;d love to hear your thoughts &amp; answer any questions you may have! Address Visit to explore the world 124, Queens walk 2nd cross newyork 5241. Send a Mail Dont\u2019s hesitate to mail career@example.com support@creote.com Make [&hellip;]<\/p>","protected":false},"author":1,"featured_media":0,"parent":0,"menu_order":0,"comment_status":"closed","ping_status":"closed","template":"template-fullwidth.php","meta":{"content-type":"","footnotes":""},"class_list":["post-4182","page","type-page","status-publish","hentry"],"_links":{"self":[{"href":"https:\/\/domzis.net\/sr\/wp-json\/wp\/v2\/pages\/4182","targetHints":{"allow":["GET"]}}],"collection":[{"href":"https:\/\/domzis.net\/sr\/wp-json\/wp\/v2\/pages"}],"about":[{"href":"https:\/\/domzis.net\/sr\/wp-json\/wp\/v2\/types\/page"}],"author":[{"embeddable":true,"href":"https:\/\/domzis.net\/sr\/wp-json\/wp\/v2\/users\/1"}],"replies":[{"embeddable":true,"href":"https:\/\/domzis.net\/sr\/wp-json\/wp\/v2\/comments?post=4182"}],"version-history":[{"count":0,"href":"https:\/\/domzis.net\/sr\/wp-json\/wp\/v2\/pages\/4182\/revisions"}],"wp:attachment":[{"href":"https:\/\/domzis.net\/sr\/wp-json\/wp\/v2\/media?parent=4182"}],"curies":[{"name":"wp","href":"https:\/\/api.w.org\/{rel}","templated":true}]}}