{"id":7732,"date":"2024-03-28T08:39:11","date_gmt":"2024-03-28T08:39:11","guid":{"rendered":"https:\/\/domzis.net\/?page_id=7732"},"modified":"2024-03-28T10:32:32","modified_gmt":"2024-03-28T10:32:32","slug":"cookie-policy","status":"publish","type":"page","link":"https:\/\/domzis.net\/hr\/cookie-policy\/","title":{"rendered":"Politika kola\u010di\u0107a"},"content":{"rendered":"<div data-elementor-type=\"wp-page\" data-elementor-id=\"7732\" class=\"elementor elementor-7732\" data-elementor-post-type=\"page\">\n\t\t\t\t<div class=\"elementor-element elementor-element-26b8396 e-flex e-con-boxed e-con e-parent\" data-id=\"26b8396\" data-element_type=\"container\" data-e-type=\"container\">\n\t\t\t\t\t<div class=\"e-con-inner\">\n\t\t\t\t<div class=\"elementor-element elementor-element-a32c78b elementor-widget elementor-widget-spacer\" data-id=\"a32c78b\" data-element_type=\"widget\" data-e-type=\"widget\" data-widget_type=\"spacer.default\">\n\t\t\t\t<div class=\"elementor-widget-container\">\n\t\t\t\t\t\t\t<div class=\"elementor-spacer\">\n\t\t\t<div class=\"elementor-spacer-inner\"><\/div>\n\t\t<\/div>\n\t\t\t\t\t\t<\/div>\n\t\t\t\t<\/div>\n\t\t\t\t<div class=\"elementor-element elementor-element-b059b18 elementor-widget elementor-widget-text-editor\" data-id=\"b059b18\" data-element_type=\"widget\" data-e-type=\"widget\" data-widget_type=\"text-editor.default\">\n\t\t\t\t<div class=\"elementor-widget-container\">\n\t\t\t\t\t\t\t\t\t<p><\/p>\n<p>Kao \u0161to je to uobi\u010dajena praksa kod gotovo svih profesionalnih web stranica, Domzis.net koristi kola\u010di\u0107e, malene datoteke koje se preuzimaju na va\u0161e ra\u010dunalo, kako bi pobolj\u0161ali va\u0161e iskustvo. Ova stranica opisuje koje podatke prikupljaju, kako ih koristimo i za\u0161to ponekad moramo pohraniti te kola\u010di\u0107e. Tako\u0111er \u0107emo podijeliti s vama kako mo\u017eete sprije\u010diti pohranjivanje ovih kola\u010di\u0107a, ali to mo\u017ee smanjiti ili 'pokvariti' odre\u0111ene elemente funkcionalnosti stranice.<\/p>\n<p><\/p>\t\t\t\t\t\t\t\t<\/div>\n\t\t\t\t<\/div>\n\t\t\t\t\t<\/div>\n\t\t\t\t<\/div>\n\t\t<div class=\"elementor-element elementor-element-1db349b e-flex e-con-boxed e-con e-parent\" data-id=\"1db349b\" data-element_type=\"container\" data-e-type=\"container\">\n\t\t\t\t\t<div class=\"e-con-inner\">\n\t\t\t\t<div class=\"elementor-element elementor-element-efafa19 elementor-widget elementor-widget-heading\" data-id=\"efafa19\" data-element_type=\"widget\" data-e-type=\"widget\" data-widget_type=\"heading.default\">\n\t\t\t\t<div class=\"elementor-widget-container\">\n\t\t\t\t\t<h4 class=\"elementor-heading-title elementor-size-default\">Kako koristimo kola\u010di\u0107e<\/h4>\t\t\t\t<\/div>\n\t\t\t\t<\/div>\n\t\t\t\t<div class=\"elementor-element elementor-element-b11aaa8 elementor-widget elementor-widget-text-editor\" data-id=\"b11aaa8\" data-element_type=\"widget\" data-e-type=\"widget\" data-widget_type=\"text-editor.default\">\n\t\t\t\t<div class=\"elementor-widget-container\">\n\t\t\t\t\t\t\t\t\t<p>Kola\u010di\u0107e koristimo iz niza razloga navedenih u nastavku. Na\u017ealost, u ve\u0107ini slu\u010dajeva ne postoje industrijske standardne opcije za onemogu\u0107avanje kola\u010di\u0107a bez potpunog onemogu\u0107avanja funkcionalnosti i zna\u010dajki koje oni dodaju ovoj stranici. Preporu\u010da se da ostavite uklju\u010dene sve kola\u010di\u0107e ako niste sigurni trebaju li vam ili ne u slu\u010daju da se koriste za pru\u017eanje usluge koju koristite.<\/p>\t\t\t\t\t\t\t\t<\/div>\n\t\t\t\t<\/div>\n\t\t\t\t\t<\/div>\n\t\t\t\t<\/div>\n\t\t<div class=\"elementor-element elementor-element-5a05f4d e-flex e-con-boxed e-con e-parent\" data-id=\"5a05f4d\" data-element_type=\"container\" data-e-type=\"container\">\n\t\t\t\t\t<div class=\"e-con-inner\">\n\t\t\t\t<div class=\"elementor-element elementor-element-427ea10 elementor-widget elementor-widget-heading\" data-id=\"427ea10\" data-element_type=\"widget\" data-e-type=\"widget\" data-widget_type=\"heading.default\">\n\t\t\t\t<div class=\"elementor-widget-container\">\n\t\t\t\t\t<h4 class=\"elementor-heading-title elementor-size-default\">Onemogu\u0107avanje kola\u010di\u0107a<\/h4>\t\t\t\t<\/div>\n\t\t\t\t<\/div>\n\t\t\t\t<div class=\"elementor-element elementor-element-c16e97b elementor-widget elementor-widget-text-editor\" data-id=\"c16e97b\" data-element_type=\"widget\" data-e-type=\"widget\" data-widget_type=\"text-editor.default\">\n\t\t\t\t<div class=\"elementor-widget-container\">\n\t\t\t\t\t\t\t\t\t<p>Postavljanje kola\u010di\u0107a mo\u017eete sprije\u010diti pode\u0161avanjem postavki u svom pregledniku (pogledajte pomo\u0107 preglednika kako to u\u010diniti). Imajte na umu da \u0107e onemogu\u0107avanje kola\u010di\u0107a utjecati na funkcionalnost ove i mnogih drugih web stranica koje posje\u0107ujete. Onemogu\u0107avanje kola\u010di\u0107a obi\u010dno \u0107e rezultirati i onemogu\u0107avanjem odre\u0111enih funkcija i zna\u010dajki ove stranice. Stoga se preporu\u010duje da ne onemogu\u0107ite kola\u010di\u0107e.<\/p>\t\t\t\t\t\t\t\t<\/div>\n\t\t\t\t<\/div>\n\t\t\t\t\t<\/div>\n\t\t\t\t<\/div>\n\t\t<div class=\"elementor-element elementor-element-17ce803 e-flex e-con-boxed e-con e-parent\" data-id=\"17ce803\" data-element_type=\"container\" data-e-type=\"container\">\n\t\t\t\t\t<div class=\"e-con-inner\">\n\t\t\t\t<div class=\"elementor-element elementor-element-42aead3 elementor-widget elementor-widget-heading\" data-id=\"42aead3\" data-element_type=\"widget\" data-e-type=\"widget\" data-widget_type=\"heading.default\">\n\t\t\t\t<div class=\"elementor-widget-container\">\n\t\t\t\t\t<h4 class=\"elementor-heading-title elementor-size-default\">Kola\u010di\u0107i koje postavljamo<\/h4>\t\t\t\t<\/div>\n\t\t\t\t<\/div>\n\t\t\t\t<div class=\"elementor-element elementor-element-7bfbb37 elementor-widget elementor-widget-heading\" data-id=\"7bfbb37\" data-element_type=\"widget\" data-e-type=\"widget\" data-widget_type=\"heading.default\">\n\t\t\t\t<div class=\"elementor-widget-container\">\n\t\t\t\t\t<h6 class=\"elementor-heading-title elementor-size-default\">Kola\u010di\u0107i povezani s ra\u010dunom<\/h6>\t\t\t\t<\/div>\n\t\t\t\t<\/div>\n\t\t\t\t<div class=\"elementor-element elementor-element-43e06a2 elementor-widget elementor-widget-text-editor\" data-id=\"43e06a2\" data-element_type=\"widget\" data-e-type=\"widget\" data-widget_type=\"text-editor.default\">\n\t\t\t\t<div class=\"elementor-widget-container\">\n\t\t\t\t\t\t\t\t\t<p>Ako kod nas izradite ra\u010dun, koristit \u0107emo kola\u010di\u0107e za upravljanje postupkom prijave i op\u0107u administraciju. Ti \u0107e kola\u010di\u0107i obi\u010dno biti izbrisani kada se odjavite, ali u nekim slu\u010dajevima mogu ostati i nakon toga kako bi zapamtili postavke va\u0161e stranice kada ste odjavljeni.<\/p>\t\t\t\t\t\t\t\t<\/div>\n\t\t\t\t<\/div>\n\t\t\t\t<div class=\"elementor-element elementor-element-adf0680 elementor-widget elementor-widget-heading\" data-id=\"adf0680\" data-element_type=\"widget\" data-e-type=\"widget\" data-widget_type=\"heading.default\">\n\t\t\t\t<div class=\"elementor-widget-container\">\n\t\t\t\t\t<h6 class=\"elementor-heading-title elementor-size-default\">Kola\u010di\u0107i povezani s prijavom<\/h6>\t\t\t\t<\/div>\n\t\t\t\t<\/div>\n\t\t\t\t<div class=\"elementor-element elementor-element-1f544fe elementor-widget elementor-widget-text-editor\" data-id=\"1f544fe\" data-element_type=\"widget\" data-e-type=\"widget\" data-widget_type=\"text-editor.default\">\n\t\t\t\t<div class=\"elementor-widget-container\">\n\t\t\t\t\t\t\t\t\t<p>Koristimo kola\u010di\u0107e kada ste prijavljeni kako bismo mogli zapamtiti ovu \u010dinjenicu. To vas sprje\u010dava da se morate prijaviti svaki put kada posjetite novu stranicu. Ovi se kola\u010di\u0107i obi\u010dno uklanjaju ili bri\u0161u kada se odjavite kako biste bili sigurni da mo\u017eete pristupiti samo ograni\u010denim zna\u010dajkama i podru\u010djima kada ste prijavljeni.<\/p>\t\t\t\t\t\t\t\t<\/div>\n\t\t\t\t<\/div>\n\t\t\t\t\t<\/div>\n\t\t\t\t<\/div>\n\t\t<div class=\"elementor-element elementor-element-48acc7f e-flex e-con-boxed e-con e-parent\" data-id=\"48acc7f\" data-element_type=\"container\" data-e-type=\"container\">\n\t\t\t\t\t<div class=\"e-con-inner\">\n\t\t\t\t<div class=\"elementor-element elementor-element-0985627 elementor-widget elementor-widget-heading\" data-id=\"0985627\" data-element_type=\"widget\" data-e-type=\"widget\" data-widget_type=\"heading.default\">\n\t\t\t\t<div class=\"elementor-widget-container\">\n\t\t\t\t\t<h4 class=\"elementor-heading-title elementor-size-default\">Vi\u0161e informacija\n<\/h4>\t\t\t\t<\/div>\n\t\t\t\t<\/div>\n\t\t\t\t<div class=\"elementor-element elementor-element-ecfa935 elementor-widget elementor-widget-text-editor\" data-id=\"ecfa935\" data-element_type=\"widget\" data-e-type=\"widget\" data-widget_type=\"text-editor.default\">\n\t\t\t\t<div class=\"elementor-widget-container\">\n\t\t\t\t\t\t\t\t\t<p>Nadamo se da vam je to razjasnilo stvari i kao \u0161to je ranije spomenuto, ako postoji ne\u0161to za \u0161to niste sigurni treba li vam ili ne, obi\u010dno je sigurnije ostaviti kola\u010di\u0107e omogu\u0107enima u slu\u010daju da je u interakciji s nekom od zna\u010dajki koje koristite na na\u0161oj stranici .<\/p>\n<p>Za op\u0107enitije informacije o kola\u010di\u0107ima pro\u010ditajte \u201c<a href=\"https:\/\/www.whatarecookies.com\/\" target=\"_blank\" rel=\"noopener\">What Are Cookies<\/a>&#8220;.<\/p>\n<p>Ako su vam potrebne dodatne informacije ili imate pitanja o na\u0161oj politici kola\u010di\u0107a, slobodno nas <a href=\"https:\/\/domzis.net\/hr\/contact-us\/\">kontaktirajte<\/a>.<\/p>\t\t\t\t\t\t\t\t<\/div>\n\t\t\t\t<\/div>\n\t\t\t\t<div class=\"elementor-element elementor-element-570c8b6 elementor-widget elementor-widget-spacer\" data-id=\"570c8b6\" data-element_type=\"widget\" data-e-type=\"widget\" data-widget_type=\"spacer.default\">\n\t\t\t\t<div class=\"elementor-widget-container\">\n\t\t\t\t\t\t\t<div class=\"elementor-spacer\">\n\t\t\t<div class=\"elementor-spacer-inner\"><\/div>\n\t\t<\/div>\n\t\t\t\t\t\t<\/div>\n\t\t\t\t<\/div>\n\t\t\t\t\t<\/div>\n\t\t\t\t<\/div>\n\t\t\t\t<\/div>","protected":false},"excerpt":{"rendered":"<p>As is common practice with almost all professional websites, Domzis.net uses cookies, which are tiny files that are downloaded to your computer, to improve your experience. This page describes what information they gather, how we use it and why we sometimes need to store these cookies. We will also share how you can prevent these [&hellip;]<\/p>","protected":false},"author":1,"featured_media":0,"parent":0,"menu_order":0,"comment_status":"closed","ping_status":"closed","template":"template-boxed.php","meta":{"content-type":"","footnotes":""},"class_list":["post-7732","page","type-page","status-publish","hentry"],"_links":{"self":[{"href":"https:\/\/domzis.net\/hr\/wp-json\/wp\/v2\/pages\/7732","targetHints":{"allow":["GET"]}}],"collection":[{"href":"https:\/\/domzis.net\/hr\/wp-json\/wp\/v2\/pages"}],"about":[{"href":"https:\/\/domzis.net\/hr\/wp-json\/wp\/v2\/types\/page"}],"author":[{"embeddable":true,"href":"https:\/\/domzis.net\/hr\/wp-json\/wp\/v2\/users\/1"}],"replies":[{"embeddable":true,"href":"https:\/\/domzis.net\/hr\/wp-json\/wp\/v2\/comments?post=7732"}],"version-history":[{"count":13,"href":"https:\/\/domzis.net\/hr\/wp-json\/wp\/v2\/pages\/7732\/revisions"}],"predecessor-version":[{"id":7758,"href":"https:\/\/domzis.net\/hr\/wp-json\/wp\/v2\/pages\/7732\/revisions\/7758"}],"wp:attachment":[{"href":"https:\/\/domzis.net\/hr\/wp-json\/wp\/v2\/media?parent=7732"}],"curies":[{"name":"wp","href":"https:\/\/api.w.org\/{rel}","templated":true}]}}