{"id":4181,"date":"2022-10-17T19:47:36","date_gmt":"2022-10-17T19:47:36","guid":{"rendered":"https:\/\/themepanthers.com\/wp\/creote\/v2-new\/?page_id=4181"},"modified":"2024-03-14T09:44:51","modified_gmt":"2024-03-14T09:44:51","slug":"contact-us","status":"publish","type":"page","link":"https:\/\/domzis.net\/hr\/contact-us\/","title":{"rendered":"Kontaktirajte nas"},"content":{"rendered":"<div data-elementor-type=\"wp-page\" data-elementor-id=\"4181\" class=\"elementor elementor-4181\" data-elementor-post-type=\"page\">\n\t\t\t\t\t\t<section class=\"elementor-section elementor-top-section elementor-element elementor-element-f459a99 elementor-section-boxed elementor-section-height-default elementor-section-height-default\" data-id=\"f459a99\" data-element_type=\"section\" data-e-type=\"section\" data-settings=\"{&quot;background_background&quot;:&quot;classic&quot;}\">\n\t\t\t\t\t\t<div class=\"elementor-container elementor-column-gap-default\">\n\t\t\t\t\t<div class=\"elementor-column elementor-col-100 elementor-top-column elementor-element elementor-element-b6bdc3a\" data-id=\"b6bdc3a\" data-element_type=\"column\" data-e-type=\"column\">\n\t\t\t<div class=\"elementor-widget-wrap elementor-element-populated\">\n\t\t\t\t\t\t<div class=\"elementor-element elementor-element-94eaf13 elementor-widget elementor-widget-creote-heading-v2\" data-id=\"94eaf13\" data-element_type=\"widget\" data-e-type=\"widget\" data-widget_type=\"creote-heading-v2.default\">\n\t\t\t\t<div class=\"elementor-widget-container\">\n\t\t\t\t\t<div class=\"heading type_one text_center\">  <div class=\"small_text\">   <span class=\"icon-briefcase icon\"><\/span>    SAMO NAS KONTAKTIRAJTE\n\n <\/div>    <div class=\"heading_text\"> Rado Bismo Vam Pomogli<\/div>     <p class=\"description_text\">Slobodno nas kontaktirajte koriste\u0107i donji obrazac. Voljeli bismo <br>  da \u010dujemo va\u0161e mi\u0161ljenje i odgovorimo na sva va\u0161a pitanja!<\/p> <\/div>\r\n\t\t\t\t<\/div>\n\t\t\t\t<\/div>\n\t\t\t\t<div class=\"elementor-element elementor-element-dd8b2fd elementor-widget elementor-widget-creote-contact-box-v1-new\" data-id=\"dd8b2fd\" data-element_type=\"widget\" data-e-type=\"widget\" data-widget_type=\"creote-contact-box-v1-new.default\">\n\t\t\t\t<div class=\"elementor-widget-container\">\n\t\t\t\t\t \r\n       <section class=\"info_section type_one\">\r\n    <div class=\"info_inner\">\r\n        <div class=\"row\">\r\n                            <div class=\"col-xl-4 col-md-6 col-sm-6 col-xs-12 info-column\">\r\n                    <div class=\"info-box nonactive\">\r\n                        <div class=\"hidden-icon\"><i class=\"icon-map-pin\"><\/i><\/div>\r\n                        <div class=\"box\">\r\n                            <div class=\"icon_box\"><i class=\"icon-map-pin\"><\/i><\/div>\r\n                            <div class=\"heading-box\">\r\n                                <div class=\"ctitles\">Adresa<\/div>\r\n                                <span><\/span>\r\n                            <\/div>\r\n                        <\/div>\r\n                        <div class=\"text\">\r\n                                                                                                <p>Kara\u0111or\u0111eva 120, 14000 Valjevo, Srbija<\/p>\r\n                                                                                                                                            <\/div>\r\n                    <\/div>\r\n                <\/div>\r\n                            <div class=\"col-xl-4 col-md-6 col-sm-6 col-xs-12 info-column\">\r\n                    <div class=\"info-box active\">\r\n                        <div class=\"hidden-icon\"><i class=\"icon-mail\"><\/i><\/div>\r\n                        <div class=\"box\">\r\n                            <div class=\"icon_box\"><i class=\"icon-mail\"><\/i><\/div>\r\n                            <div class=\"heading-box\">\r\n                                <div class=\"ctitles\">Po\u0161alji email <\/div>\r\n                                <span>Nemojte se ustru\u010davati poslati email<\/span>\r\n                            <\/div>\r\n                        <\/div>\r\n                        <div class=\"text\">\r\n                                                                                                                            <p><a href=\"mailto:office@domzis.net\" target=\"_blank\">office@domzis.net<\/a><\/p>\r\n                                                                                                    <p><a href=\"mailto:\" target=\"_blank\"> <\/a><\/p>\r\n                                                                                                                <\/div>\r\n                    <\/div>\r\n                <\/div>\r\n                            <div class=\"col-xl-4 col-md-6 col-sm-6 col-xs-12 info-column\">\r\n                    <div class=\"info-box nonactive\">\r\n                        <div class=\"hidden-icon\"><i class=\"icon-telephone\"><\/i><\/div>\r\n                        <div class=\"box\">\r\n                            <div class=\"icon_box\"><i class=\"icon-telephone\"><\/i><\/div>\r\n                            <div class=\"heading-box\">\r\n                                <div class=\"ctitles\">Pozovite<\/div>\r\n                                <span> Razgovarajte s na\u0161im stru\u010dnjacima<\/span>\r\n                            <\/div>\r\n                        <\/div>\r\n                        <div class=\"text\">\r\n                                                                                                                                                        <p><a href=\"tel: 381 606.22.11.48\" target=\"_blank\">+381 606.22.11.48<\/a><\/p>\r\n                                                                                                                    <\/div>\r\n                    <\/div>\r\n                <\/div>\r\n                    <\/div>\r\n    <\/div>\r\n<\/section>\r\n\r\n    \t\t\t\t<\/div>\n\t\t\t\t<\/div>\n\t\t\t\t\t<\/div>\n\t\t<\/div>\n\t\t\t\t\t<\/div>\n\t\t<\/section>\n\t\t\t\t<section class=\"elementor-section elementor-top-section elementor-element elementor-element-f7b4d27 elementor-section-full_width elementor-section-height-default elementor-section-height-default\" data-id=\"f7b4d27\" data-element_type=\"section\" data-e-type=\"section\">\n\t\t\t\t\t\t<div class=\"elementor-container elementor-column-gap-no\">\n\t\t\t\t\t<div class=\"elementor-column elementor-col-100 elementor-top-column elementor-element elementor-element-6e2d569\" data-id=\"6e2d569\" data-element_type=\"column\" data-e-type=\"column\">\n\t\t\t<div class=\"elementor-widget-wrap elementor-element-populated\">\n\t\t\t\t\t\t<div class=\"elementor-element elementor-element-6e18776 elementor-widget elementor-widget-google_maps\" data-id=\"6e18776\" data-element_type=\"widget\" data-e-type=\"widget\" data-widget_type=\"google_maps.default\">\n\t\t\t\t<div class=\"elementor-widget-container\">\n\t\t\t\t\t\t\t<div class=\"elementor-custom-embed\">\n\t\t\t<iframe loading=\"lazy\"\n\t\t\t\t\tsrc=\"https:\/\/maps.google.com\/maps?q=Karadjordjeva%20120%20Serbia%2C%2014000%20Valjevo&#038;t=m&#038;z=16&#038;output=embed&#038;iwloc=near\"\n\t\t\t\t\ttitle=\"Karadjordjeva 120 Serbia, 14000 Valjevo\"\n\t\t\t\t\taria-label=\"Karadjordjeva 120 Serbia, 14000 Valjevo\"\n\t\t\t><\/iframe>\n\t\t<\/div>\n\t\t\t\t\t\t<\/div>\n\t\t\t\t<\/div>\n\t\t\t\t\t<\/div>\n\t\t<\/div>\n\t\t\t\t\t<\/div>\n\t\t<\/section>\n\t\t\t\t<section class=\"elementor-section elementor-top-section elementor-element elementor-element-0f2cdfc elementor-section-boxed elementor-section-height-default elementor-section-height-default\" data-id=\"0f2cdfc\" data-element_type=\"section\" data-e-type=\"section\">\n\t\t\t\t\t\t<div class=\"elementor-container elementor-column-gap-default\">\n\t\t\t\t\t<div class=\"elementor-column elementor-col-100 elementor-top-column elementor-element elementor-element-77fcdae\" data-id=\"77fcdae\" data-element_type=\"column\" data-e-type=\"column\">\n\t\t\t<div class=\"elementor-widget-wrap elementor-element-populated\">\n\t\t\t\t\t\t<div class=\"elementor-element elementor-element-c9779d6 elementor-widget elementor-widget-creote-contact-form-v2\" data-id=\"c9779d6\" data-element_type=\"widget\" data-e-type=\"widget\" data-widget_type=\"creote-contact-form-v2.default\">\n\t\t\t\t<div class=\"elementor-widget-container\">\n\t\t\t\t\t<div class=\"contact_form_box type_one\">  <div class=\"image_box\"> <img decoding=\"async\" src=\"https:\/\/themepanthers.com\/wp\/creote\/v2-new\/wp-content\/uploads\/2022\/10\/contact-type-one-1.jpg\" class=\"img-fluid\" alt=\"image\"> <\/div>  <div class=\"contact_inner_box\"> <div class=\"heading type_two text_left\">  <div class=\"small_text\"> Napi\u0161ite poruku <\/div>   <div class=\"heading_text\">Ne ustru\u010davajte se poslati nam svoju poruku<\/div>   <div class=\"small_text_sub\"> Napi\u0161ite poruku<\/div>  <\/div> <div class=\"contact_form_shortcode\"> \n<div class=\"wpcf7 no-js\" id=\"wpcf7-f4547-o1\" lang=\"en-US\" dir=\"ltr\" data-wpcf7-id=\"4547\">\n<div class=\"screen-reader-response\"><p role=\"status\" aria-live=\"polite\" aria-atomic=\"true\"><\/p> <ul><\/ul><\/div>\n<form action=\"\/hr\/wp-json\/wp\/v2\/pages\/4181#wpcf7-f4547-o1\" method=\"post\" class=\"wpcf7-form init\" aria-label=\"Contact form\" novalidate=\"novalidate\" data-status=\"init\" data-trp-original-action=\"\/hr\/wp-json\/wp\/v2\/pages\/4181#wpcf7-f4547-o1\">\n<fieldset class=\"hidden-fields-container\"><input type=\"hidden\" name=\"_wpcf7\" value=\"4547\" \/><input type=\"hidden\" name=\"_wpcf7_version\" value=\"6.1.5\" \/><input type=\"hidden\" name=\"_wpcf7_locale\" value=\"en_US\" \/><input type=\"hidden\" name=\"_wpcf7_unit_tag\" value=\"wpcf7-f4547-o1\" \/><input type=\"hidden\" name=\"_wpcf7_container_post\" value=\"0\" \/><input type=\"hidden\" name=\"_wpcf7_posted_data_hash\" value=\"\" \/><input type=\"hidden\" name=\"_wpcf7_recaptcha_response\" value=\"\" \/>\n<\/fieldset>\n<div class=\"row\">\n\t<div class=\"col-lg-6\">\n\t\t<p><span class=\"wpcf7-form-control-wrap\" data-name=\"your-name\"><input size=\"40\" maxlength=\"400\" class=\"wpcf7-form-control wpcf7-text wpcf7-validates-as-required\" aria-required=\"true\" aria-invalid=\"false\" placeholder=\"Va\u0161e ime\" value=\"\" type=\"text\" name=\"your-name\" \/><\/span>\n\t\t<\/p>\n\t<\/div>\n\t<div class=\"col-lg-6\">\n\t\t<p><span class=\"wpcf7-form-control-wrap\" data-name=\"your-email\"><input size=\"40\" maxlength=\"400\" class=\"wpcf7-form-control wpcf7-email wpcf7-validates-as-required wpcf7-text wpcf7-validates-as-email\" aria-required=\"true\" aria-invalid=\"false\" placeholder=\"Va\u0161a email adresa\" value=\"\" type=\"email\" name=\"your-email\" \/><\/span>\n\t\t<\/p>\n\t<\/div>\n\t<div class=\"col-lg-6\">\n\t\t<p><span class=\"wpcf7-form-control-wrap\" data-name=\"tel-32\"><input size=\"40\" maxlength=\"400\" class=\"wpcf7-form-control wpcf7-tel wpcf7-validates-as-required wpcf7-text wpcf7-validates-as-tel\" aria-required=\"true\" aria-invalid=\"false\" placeholder=\"Telefon\" value=\"\" type=\"tel\" name=\"tel-32\" \/><\/span>\n\t\t<\/p>\n\t<\/div>\n\t<div class=\"col-lg-12\">\n\t\t<p><span class=\"wpcf7-form-control-wrap\" data-name=\"your-message\"><textarea cols=\"40\" rows=\"10\" maxlength=\"2000\" class=\"wpcf7-form-control wpcf7-textarea\" aria-invalid=\"false\" placeholder=\"Unesite svoju poruku\" name=\"your-message\"><\/textarea><\/span>\n\t\t<\/p>\n\t<\/div>\n\t<div class=\"col-lg-12\">\n\t\t<p><input class=\"wpcf7-form-control wpcf7-submit has-spinner\" type=\"submit\" value=\"Po\u0161alji\" \/>\n\t\t<\/p>\n\t<\/div>\n<\/div><div class=\"wpcf7-response-output\" aria-hidden=\"true\"><\/div>\n<input type=\"hidden\" name=\"trp-form-language\" value=\"hr\"\/><\/form>\n<\/div>\n <\/div>  <\/div><\/div>\r\n\t\t\t\t<\/div>\n\t\t\t\t<\/div>\n\t\t\t\t\t<\/div>\n\t\t<\/div>\n\t\t\t\t\t<\/div>\n\t\t<\/section>\n\t\t\t\t<\/div>","protected":false},"excerpt":{"rendered":"<p>JUST CONTACT US We\u2019d Love To Help You Please feel free to get in touch using the form below. We&#8217;d love to hear your thoughts &amp; answer any questions you may have! Address Karadjordjeva 120, 14000 Valjevo, Serbia Send a Mail Dont\u2019s hesitate to mail office@domzis.net Make a Call Let\u2019s talk with our experts +381 [&hellip;]<\/p>","protected":false},"author":1,"featured_media":0,"parent":0,"menu_order":0,"comment_status":"closed","ping_status":"closed","template":"template-fullwidth.php","meta":{"content-type":"","footnotes":""},"class_list":["post-4181","page","type-page","status-publish","hentry"],"_links":{"self":[{"href":"https:\/\/domzis.net\/hr\/wp-json\/wp\/v2\/pages\/4181","targetHints":{"allow":["GET"]}}],"collection":[{"href":"https:\/\/domzis.net\/hr\/wp-json\/wp\/v2\/pages"}],"about":[{"href":"https:\/\/domzis.net\/hr\/wp-json\/wp\/v2\/types\/page"}],"author":[{"embeddable":true,"href":"https:\/\/domzis.net\/hr\/wp-json\/wp\/v2\/users\/1"}],"replies":[{"embeddable":true,"href":"https:\/\/domzis.net\/hr\/wp-json\/wp\/v2\/comments?post=4181"}],"version-history":[{"count":5,"href":"https:\/\/domzis.net\/hr\/wp-json\/wp\/v2\/pages\/4181\/revisions"}],"predecessor-version":[{"id":7128,"href":"https:\/\/domzis.net\/hr\/wp-json\/wp\/v2\/pages\/4181\/revisions\/7128"}],"wp:attachment":[{"href":"https:\/\/domzis.net\/hr\/wp-json\/wp\/v2\/media?parent=4181"}],"curies":[{"name":"wp","href":"https:\/\/api.w.org\/{rel}","templated":true}]}}