{"id":4176,"date":"2022-10-17T19:47:36","date_gmt":"2022-10-17T19:47:36","guid":{"rendered":"https:\/\/themepanthers.com\/wp\/creote\/v2-new\/?page_id=4176"},"modified":"2024-03-05T11:22:32","modified_gmt":"2024-03-05T11:22:32","slug":"service-02","status":"publish","type":"page","link":"https:\/\/domzis.net\/hr\/service-02\/","title":{"rendered":"Service 02"},"content":{"rendered":"<div data-elementor-type=\"wp-page\" data-elementor-id=\"4176\" class=\"elementor elementor-4176\" data-elementor-post-type=\"page\">\n\t\t\t\t\t\t<section class=\"elementor-section elementor-top-section elementor-element elementor-element-d95554f elementor-section-boxed elementor-section-height-default elementor-section-height-default\" data-id=\"d95554f\" data-element_type=\"section\" data-e-type=\"section\">\n\t\t\t\t\t\t<div class=\"elementor-container elementor-column-gap-default\">\n\t\t\t\t\t<div class=\"elementor-column elementor-col-100 elementor-top-column elementor-element elementor-element-a9f313f\" data-id=\"a9f313f\" data-element_type=\"column\" data-e-type=\"column\">\n\t\t\t<div class=\"elementor-widget-wrap elementor-element-populated\">\n\t\t\t\t\t\t<div class=\"elementor-element elementor-element-81c3bef elementor-widget elementor-widget-creote-service-v1-new\" data-id=\"81c3bef\" data-element_type=\"widget\" data-e-type=\"widget\" data-widget_type=\"creote-service-v1-new.default\">\n\t\t\t\t<div class=\"elementor-widget-container\">\n\t\t\t\t\t<section class=\"service_all_styles\"> <div class=\"row\">    <div class=\"col-xl-4 col-md-4 col-sm-6 col-xs-12\"> <article id=\"post-494\" class=\"post-494 service type-service status-publish has-post-thumbnail hentry\">  <div class=\"service_box type_two clearfix\"> <div class=\"content_heaing\"> <h2 class=\"entry-title\"><a href=\"https:\/\/domzis.net\/hr\/service\/100-web-based\/\" rel=\"bookmark\">100% Temeljen Na Webu<\/a><\/h2>  <p>Nije potrebno instalirati programe, nije potreban poseban hardver za emitiranje i nema IT glavobolja.<\/p>\n   <div class=\"icon_box clearfix\"> <i class=\"icon icon-thumbs-up icon\"><\/i> <\/div>  <\/div>  <div class=\"image_box\"> <img decoding=\"async\" width=\"10\" height=\"10\" src=\"https:\/\/domzis.net\/wp-content\/uploads\/2024\/05\/dummy.png\" class=\"attachment-post-thumbnail size-post-thumbnail wp-post-image\" alt=\"\" \/> <\/div>   <div class=\"btn_box\"> <a href=\"https:\/\/domzis.net\/hr\/service\/100-web-based\/\" class=\"read_more type_two\"><span class=\"icon-arrow-right\"><\/span>Read More<\/a> <\/div>  <\/div>  <\/article> <\/div>   <div class=\"col-xl-4 col-md-4 col-sm-6 col-xs-12\"> <article id=\"post-490\" class=\"post-490 service type-service status-publish has-post-thumbnail hentry\">  <div class=\"service_box type_two clearfix\"> <div class=\"content_heaing\"> <h2 class=\"entry-title\"><a href=\"https:\/\/domzis.net\/hr\/service\/totally-sponsor-friendly\/\" rel=\"bookmark\">Potpuno Prilago\u0111en Sponzorima<\/a><\/h2>  <p>Olak\u0161avamo vam prodaju sponzorskih paketa.<\/p>\n   <div class=\"icon_box clearfix\"> <i class=\"icon icon-thumbs-up icon\"><\/i> <\/div>  <\/div>  <div class=\"image_box\"> <img decoding=\"async\" width=\"10\" height=\"10\" src=\"https:\/\/domzis.net\/wp-content\/uploads\/2024\/05\/dummy.png\" class=\"attachment-post-thumbnail size-post-thumbnail wp-post-image\" alt=\"\" \/> <\/div>   <div class=\"btn_box\"> <a href=\"https:\/\/domzis.net\/hr\/service\/totally-sponsor-friendly\/\" class=\"read_more type_two\"><span class=\"icon-arrow-right\"><\/span>Read More<\/a> <\/div>  <\/div>  <\/article> <\/div>   <div class=\"col-xl-4 col-md-4 col-sm-6 col-xs-12\"> <article id=\"post-487\" class=\"post-487 service type-service status-publish has-post-thumbnail hentry\">  <div class=\"service_box type_two clearfix\"> <div class=\"content_heaing\"> <h2 class=\"entry-title\"><a href=\"https:\/\/domzis.net\/hr\/service\/question-of-the-day\/\" rel=\"bookmark\">Pitanje Dana<\/a><\/h2>  <p>Pretvorite svoje dnevne ankete u sponzorirane generatore prihoda za Pitanje dana.<\/p>\n   <div class=\"icon_box clearfix\"> <i class=\"icon icon-thumbs-up icon\"><\/i> <\/div>  <\/div>  <div class=\"image_box\"> <img decoding=\"async\" width=\"10\" height=\"10\" src=\"https:\/\/domzis.net\/wp-content\/uploads\/2024\/05\/dummy.png\" class=\"attachment-post-thumbnail size-post-thumbnail wp-post-image\" alt=\"\" \/> <\/div>   <div class=\"btn_box\"> <a href=\"https:\/\/domzis.net\/hr\/service\/question-of-the-day\/\" class=\"read_more type_two\"><span class=\"icon-arrow-right\"><\/span>Read More<\/a> <\/div>  <\/div>  <\/article> <\/div>   <div class=\"col-xl-4 col-md-4 col-sm-6 col-xs-12\"> <article id=\"post-474\" class=\"post-474 service type-service status-publish has-post-thumbnail hentry\">  <div class=\"service_box type_two clearfix\"> <div class=\"content_heaing\"> <h2 class=\"entry-title\"><a href=\"https:\/\/domzis.net\/hr\/service\/interactive\/\" rel=\"bookmark\">Interaktivan<\/a><\/h2>  <p>\u017delite VI\u0160E naplatiti svoje reklamne spotove? Pretvorite ih u interaktivne.<\/p>\n   <div class=\"icon_box clearfix\"> <i class=\"icon icon-thumbs-up icon\"><\/i> <\/div>  <\/div>  <div class=\"image_box\"> <img decoding=\"async\" width=\"10\" height=\"10\" src=\"https:\/\/domzis.net\/wp-content\/uploads\/2024\/05\/dummy.png\" class=\"attachment-post-thumbnail size-post-thumbnail wp-post-image\" alt=\"\" \/> <\/div>   <div class=\"btn_box\"> <a href=\"https:\/\/domzis.net\/hr\/service\/interactive\/\" class=\"read_more type_two\"><span class=\"icon-arrow-right\"><\/span>Read More<\/a> <\/div>  <\/div>  <\/article> <\/div>   <div class=\"col-xl-4 col-md-4 col-sm-6 col-xs-12\"> <article id=\"post-472\" class=\"post-472 service type-service status-publish has-post-thumbnail hentry\">  <div class=\"service_box type_two clearfix\"> <div class=\"content_heaing\"> <h2 class=\"entry-title\"><a href=\"https:\/\/domzis.net\/hr\/service\/contests-and-giveaways\/\" rel=\"bookmark\">Natjecanja i Darivanja<\/a><\/h2>  <p>Brendovi vole sadr\u017eaj za dobro raspolo\u017eenje s kojim mogu povezati svoj imid\u017e.<\/p>\n   <div class=\"icon_box clearfix\"> <i class=\"icon icon-thumbs-up icon\"><\/i> <\/div>  <\/div>  <div class=\"image_box\"> <img decoding=\"async\" width=\"10\" height=\"10\" src=\"https:\/\/domzis.net\/wp-content\/uploads\/2024\/05\/dummy.png\" class=\"attachment-post-thumbnail size-post-thumbnail wp-post-image\" alt=\"\" \/> <\/div>   <div class=\"btn_box\"> <a href=\"https:\/\/domzis.net\/hr\/service\/contests-and-giveaways\/\" class=\"read_more type_two\"><span class=\"icon-arrow-right\"><\/span>Read More<\/a> <\/div>  <\/div>  <\/article> <\/div>   <div class=\"col-xl-4 col-md-4 col-sm-6 col-xs-12\"> <article id=\"post-469\" class=\"post-469 service type-service status-publish has-post-thumbnail hentry\">  <div class=\"service_box type_two clearfix\"> <div class=\"content_heaing\"> <h2 class=\"entry-title\"><a href=\"https:\/\/domzis.net\/hr\/service\/trivia-and-quizzes\/\" rel=\"bookmark\">Trivia And Quizzes<\/a><\/h2>  <p>Turn any live broadcast into a game that audiences can play from home.<\/p>\n   <div class=\"icon_box clearfix\"> <i class=\"icon icon-thumbs-up icon\"><\/i> <\/div>  <\/div>  <div class=\"image_box\"> <img decoding=\"async\" src=\"https:\/\/domzis.net\/wp-content\/uploads\/2022\/10\/service-image-1.png\" class=\"attachment-post-thumbnail size-post-thumbnail wp-post-image\" alt=\"\" \/> <\/div>   <div class=\"btn_box\"> <a href=\"https:\/\/domzis.net\/hr\/service\/trivia-and-quizzes\/\" class=\"read_more type_two\"><span class=\"icon-arrow-right\"><\/span>Read More<\/a> <\/div>  <\/div>  <\/article> <\/div>   <\/div>  <\/section> \t\t\t\t<\/div>\n\t\t\t\t<\/div>\n\t\t\t\t\t<\/div>\n\t\t<\/div>\n\t\t\t\t\t<\/div>\n\t\t<\/section>\n\t\t\t\t<section class=\"elementor-section elementor-top-section elementor-element elementor-element-c2a8ce8 elementor-section-boxed elementor-section-height-default elementor-section-height-default\" data-id=\"c2a8ce8\" data-element_type=\"section\" data-e-type=\"section\" data-settings=\"{&quot;background_background&quot;:&quot;classic&quot;}\">\n\t\t\t\t\t\t<div class=\"elementor-container elementor-column-gap-default\">\n\t\t\t\t\t<div class=\"elementor-column elementor-col-33 elementor-top-column elementor-element elementor-element-a317568\" data-id=\"a317568\" data-element_type=\"column\" data-e-type=\"column\">\n\t\t\t<div class=\"elementor-widget-wrap\">\n\t\t\t\t\t\t\t<\/div>\n\t\t<\/div>\n\t\t\t\t<div class=\"elementor-column elementor-col-33 elementor-top-column elementor-element elementor-element-150a921\" data-id=\"150a921\" data-element_type=\"column\" data-e-type=\"column\">\n\t\t\t<div class=\"elementor-widget-wrap elementor-element-populated\">\n\t\t\t\t\t\t<div class=\"elementor-element elementor-element-aaa38be elementor-widget elementor-widget-creote-text-editor-v1\" data-id=\"aaa38be\" data-element_type=\"widget\" data-e-type=\"widget\" data-widget_type=\"creote-text-editor-v1.default\">\n\t\t\t\t<div class=\"elementor-widget-container\">\n\t\t\t\t\t   <div class=\"position-relative\">\r\n        <h4>Brands, Products &amp; Interactive Experiences.<\/h4>    <\/div>\r\n\t\t\t\t<\/div>\n\t\t\t\t<\/div>\n\t\t\t\t<div class=\"elementor-element elementor-element-0943bd4 elementor-widget elementor-widget-creote-description-v1\" data-id=\"0943bd4\" data-element_type=\"widget\" data-e-type=\"widget\" data-widget_type=\"creote-description-v1.default\">\n\t\t\t\t<div class=\"elementor-widget-container\">\n\t\t\t\t\t<div class=\"description_box\" >  <p>Over 20 years of experience we\u2019ll ensure you always get the best guidance. We serve a clients at every level of their organization we can be most useful, whether as a trusted advisor to top trusted our management coach for fronts line employees.<\/p> <\/div>\r\n\t\t\t\t<\/div>\n\t\t\t\t<\/div>\n\t\t\t\t<div class=\"elementor-element elementor-element-d8576c7 elementor-widget elementor-widget-creote-themebtns-v1\" data-id=\"d8576c7\" data-element_type=\"widget\" data-e-type=\"widget\" data-widget_type=\"creote-themebtns-v1.default\">\n\t\t\t\t<div class=\"elementor-widget-container\">\n\t\t\t\t\t<div class=\"theme_btn_all color_one\">  <a href=\"#\"  target=\"&quot;_blank&quot;\"  rel=\"&quot;nofollow&quot;\" class=\"theme-btn one\"> Kontaktirajte Nas <\/a> <\/div>\r\n\t\t\t\t<\/div>\n\t\t\t\t<\/div>\n\t\t\t\t\t<\/div>\n\t\t<\/div>\n\t\t\t\t<div class=\"elementor-column elementor-col-33 elementor-top-column elementor-element elementor-element-8af66d1\" data-id=\"8af66d1\" data-element_type=\"column\" data-e-type=\"column\">\n\t\t\t<div class=\"elementor-widget-wrap\">\n\t\t\t\t\t\t\t<\/div>\n\t\t<\/div>\n\t\t\t\t\t<\/div>\n\t\t<\/section>\n\t\t\t\t<section class=\"elementor-section elementor-top-section elementor-element elementor-element-975492f elementor-section-boxed elementor-section-height-default elementor-section-height-default\" data-id=\"975492f\" data-element_type=\"section\" data-e-type=\"section\">\n\t\t\t\t\t\t<div class=\"elementor-container elementor-column-gap-default\">\n\t\t\t\t\t<div class=\"elementor-column elementor-col-100 elementor-top-column elementor-element elementor-element-5d388b6\" data-id=\"5d388b6\" data-element_type=\"column\" data-e-type=\"column\">\n\t\t\t<div class=\"elementor-widget-wrap elementor-element-populated\">\n\t\t\t\t\t\t<div class=\"elementor-element elementor-element-ddc1f82 elementor-widget elementor-widget-creote-contact-form-v2\" data-id=\"ddc1f82\" data-element_type=\"widget\" data-e-type=\"widget\" data-widget_type=\"creote-contact-form-v2.default\">\n\t\t\t\t<div class=\"elementor-widget-container\">\n\t\t\t\t\t<div class=\"contact_form_box type_one\">  <div class=\"image_box\"> <img decoding=\"async\" src=\"https:\/\/themepanthers.com\/wp\/creote\/v2-new\/wp-content\/uploads\/2022\/10\/contact-type-one-1.jpg\" class=\"img-fluid\" alt=\"image\"> <\/div>  <div class=\"contact_inner_box\"> <div class=\"heading type_two text_left\">  <div class=\"small_text\"> Napi\u0161ite poruku <\/div>   <div class=\"heading_text\">Ne ustru\u010davajte se poslati nam svoju poruku<\/div>   <div class=\"small_text_sub\"> Napi\u0161ite poruku<\/div>  <\/div> <div class=\"contact_form_shortcode\"> \n<div class=\"wpcf7 no-js\" id=\"wpcf7-f4547-o1\" lang=\"en-US\" dir=\"ltr\" data-wpcf7-id=\"4547\">\n<div class=\"screen-reader-response\"><p role=\"status\" aria-live=\"polite\" aria-atomic=\"true\"><\/p> <ul><\/ul><\/div>\n<form action=\"\/hr\/wp-json\/wp\/v2\/pages\/4176#wpcf7-f4547-o1\" method=\"post\" class=\"wpcf7-form init\" aria-label=\"Contact form\" novalidate=\"novalidate\" data-status=\"init\" data-trp-original-action=\"\/hr\/wp-json\/wp\/v2\/pages\/4176#wpcf7-f4547-o1\">\n<fieldset class=\"hidden-fields-container\"><input type=\"hidden\" name=\"_wpcf7\" value=\"4547\" \/><input type=\"hidden\" name=\"_wpcf7_version\" value=\"6.1.5\" \/><input type=\"hidden\" name=\"_wpcf7_locale\" value=\"en_US\" \/><input type=\"hidden\" name=\"_wpcf7_unit_tag\" value=\"wpcf7-f4547-o1\" \/><input type=\"hidden\" name=\"_wpcf7_container_post\" value=\"0\" \/><input type=\"hidden\" name=\"_wpcf7_posted_data_hash\" value=\"\" \/><input type=\"hidden\" name=\"_wpcf7_recaptcha_response\" value=\"\" \/>\n<\/fieldset>\n<div class=\"row\">\n\t<div class=\"col-lg-6\">\n\t\t<p><span class=\"wpcf7-form-control-wrap\" data-name=\"your-name\"><input size=\"40\" maxlength=\"400\" class=\"wpcf7-form-control wpcf7-text wpcf7-validates-as-required\" aria-required=\"true\" aria-invalid=\"false\" placeholder=\"Va\u0161e ime\" value=\"\" type=\"text\" name=\"your-name\" \/><\/span>\n\t\t<\/p>\n\t<\/div>\n\t<div class=\"col-lg-6\">\n\t\t<p><span class=\"wpcf7-form-control-wrap\" data-name=\"your-email\"><input size=\"40\" maxlength=\"400\" class=\"wpcf7-form-control wpcf7-email wpcf7-validates-as-required wpcf7-text wpcf7-validates-as-email\" aria-required=\"true\" aria-invalid=\"false\" placeholder=\"Va\u0161a email adresa\" value=\"\" type=\"email\" name=\"your-email\" \/><\/span>\n\t\t<\/p>\n\t<\/div>\n\t<div class=\"col-lg-6\">\n\t\t<p><span class=\"wpcf7-form-control-wrap\" data-name=\"tel-32\"><input size=\"40\" maxlength=\"400\" class=\"wpcf7-form-control wpcf7-tel wpcf7-validates-as-required wpcf7-text wpcf7-validates-as-tel\" aria-required=\"true\" aria-invalid=\"false\" placeholder=\"Telefon\" value=\"\" type=\"tel\" name=\"tel-32\" \/><\/span>\n\t\t<\/p>\n\t<\/div>\n\t<div class=\"col-lg-12\">\n\t\t<p><span class=\"wpcf7-form-control-wrap\" data-name=\"your-message\"><textarea cols=\"40\" rows=\"10\" maxlength=\"2000\" class=\"wpcf7-form-control wpcf7-textarea\" aria-invalid=\"false\" placeholder=\"Unesite svoju poruku\" name=\"your-message\"><\/textarea><\/span>\n\t\t<\/p>\n\t<\/div>\n\t<div class=\"col-lg-12\">\n\t\t<p><input class=\"wpcf7-form-control wpcf7-submit has-spinner\" type=\"submit\" value=\"Po\u0161alji\" \/>\n\t\t<\/p>\n\t<\/div>\n<\/div><div class=\"wpcf7-response-output\" aria-hidden=\"true\"><\/div>\n<input type=\"hidden\" name=\"trp-form-language\" value=\"hr\"\/><\/form>\n<\/div>\n <\/div>  <div class=\"emergrncy_contact\">  <small class=\"icon-phone-call1\"> <\/small>  <h6><span>For  Emergency<\/span><a href=\"tel:http:\/\/ 44 555 67 890\">+44 555 67 890<\/a> <\/h6> <\/div>  <\/div><\/div>\r\n\t\t\t\t<\/div>\n\t\t\t\t<\/div>\n\t\t\t\t\t<\/div>\n\t\t<\/div>\n\t\t\t\t\t<\/div>\n\t\t<\/section>\n\t\t\t\t<\/div>","protected":false},"excerpt":{"rendered":"<p>Talent Management Once your company has hired the best employees, the next step. Read More Health Care Benefits Workplace conflict can become a costly and time-consuming process . Read More Risk Management Mitigate workplace issues before they escalate ,Shared Time Human. Read More Compliance Audits Prevents our being able too what get like best every [&hellip;]<\/p>","protected":false},"author":1,"featured_media":0,"parent":0,"menu_order":0,"comment_status":"closed","ping_status":"closed","template":"template-fullwidth.php","meta":{"content-type":"","footnotes":""},"class_list":["post-4176","page","type-page","status-publish","hentry"],"_links":{"self":[{"href":"https:\/\/domzis.net\/hr\/wp-json\/wp\/v2\/pages\/4176","targetHints":{"allow":["GET"]}}],"collection":[{"href":"https:\/\/domzis.net\/hr\/wp-json\/wp\/v2\/pages"}],"about":[{"href":"https:\/\/domzis.net\/hr\/wp-json\/wp\/v2\/types\/page"}],"author":[{"embeddable":true,"href":"https:\/\/domzis.net\/hr\/wp-json\/wp\/v2\/users\/1"}],"replies":[{"embeddable":true,"href":"https:\/\/domzis.net\/hr\/wp-json\/wp\/v2\/comments?post=4176"}],"version-history":[{"count":1,"href":"https:\/\/domzis.net\/hr\/wp-json\/wp\/v2\/pages\/4176\/revisions"}],"predecessor-version":[{"id":5588,"href":"https:\/\/domzis.net\/hr\/wp-json\/wp\/v2\/pages\/4176\/revisions\/5588"}],"wp:attachment":[{"href":"https:\/\/domzis.net\/hr\/wp-json\/wp\/v2\/media?parent=4176"}],"curies":[{"name":"wp","href":"https:\/\/api.w.org\/{rel}","templated":true}]}}